{"id":5410,"date":"2022-08-25T02:26:04","date_gmt":"2022-08-25T00:26:04","guid":{"rendered":"https:\/\/test.astrokyon.com\/?page_id=5410"},"modified":"2022-08-25T02:30:44","modified_gmt":"2022-08-25T00:30:44","slug":"o-nas","status":"publish","type":"page","link":"https:\/\/test.astrokyon.com\/pl\/o-nas\/","title":{"rendered":"O nas"},"content":{"rendered":"\n<section id=\"\" class=\"js-parallax js-change-color position-relative banner d-flex align-items-end  text-start  \" style=\"--background: #0e1729; --background-size: ; --background-position-x: ; background-image: url('https:\/\/test.astrokyon.com\/wp-content\/uploads\/2022\/08\/about-us.jpg');\" data-color=\"#0e1729\"  data-fill=\"#ffffff\">\n    <div class=\"container container--space position-relative\">\n        <div class=\"row\">\n            <div class=\"col-12 banner__wrapp\">\n                                    <h1 class=\"banner__title\" style=\"--color: #ffffff;\">\n                        O nas                    <\/h1>\n                                \t                <p class=\"banner__description\" style=\"--color: #ffffff;\">test opisu<\/p>\n                            <\/div>\n        <\/div>\n    <\/div>\n<\/section>\n\n<section class=\"about-us js-change-color d-flex align-items-center\" data-color=\"#0d131e\" data-fill=\"#ffffff\" id=\"about-us\">\n    <div class=\"container container--space\">\n        <div class=\"row align-items-start\">\n            <div class=\"col-12 title\">\n                                    <h2 class=\"title__text\" style=\"--color: #fff;\">O nas<\/h2>\n                            <\/div>\n            <div class=\"col-12\">\n                <div class=\"row about-us__row align-items-top align-items-baseline\">\n                                            <div class=\"col-12 col-sm-6 col-lg-4 about-us__item mb-lg-4\">\n                            <div class=\"d-block about-us__wrapp\">\n                                <div class=\"mb-4 about-us__image d-block\">\n                                    <img decoding=\"async\" src=\"\/wp-content\/themes\/astrokyon\/assets\/img\/illustration\/mission.svg\" alt=\"the mission\" \/>\n                                <\/div>\n                                <div class=\"about-us__description\">\n                                    <h5>Misja<\/h5>\n<p>Nasz\u0105 misj\u0105 jest dostarczanie najwy\u017cszej jako\u015bci oprogramowania, sprz\u0119tu i ekspert\u00f3w, aby wspiera\u0107 transformacj\u0119 cyfrow\u0105 i rozw\u00f3j technologii zmieniaj\u0105cych \u015bwiat, dzi\u0119ki kt\u00f3rym ludzko\u015b\u0107 si\u0119gnie gwiazd.<\/p>\n                                <\/div>\n                            <\/div>\n                        <\/div>\n                                                                <div class=\"col-12 col-sm-6 col-lg-4 about-us__item mb-lg-4\">\n                            <div class=\"d-block about-us__wrapp\">\n                                <div class=\"mb-4 about-us__image d-block\">\n                                    <img decoding=\"async\" src=\"\/wp-content\/themes\/astrokyon\/assets\/img\/illustration\/vision.svg\" alt=\"the vision\" \/>\n                                <\/div>\n                                <div class=\"about-us__description\">\n                                    <h5>Wizja<\/h5>\n<p>Zamierzamy sta\u0107 si\u0119 najja\u015bniejsz\u0105 gwiazd\u0105 na niebie polskich i \u015bwiatowych firm IT, uczestnicz\u0105c w najwi\u0119kszych przedsi\u0119wzi\u0119ciach informatycznych i prowadz\u0105c prace badawczo-rozwojowe.<\/p>\n                                <\/div>\n                            <\/div>\n                        <\/div>\n                                                                <div class=\"col-12 col-sm-6 col-lg-4 about-us__item mb-lg-4\">\n                            <div class=\"d-block about-us__wrapp\">\n                                <div class=\"mb-4 about-us__image d-block\">\n                                    <img decoding=\"async\" src=\"\/wp-content\/themes\/astrokyon\/assets\/img\/illustration\/identity.svg\" alt=\"the identity\" \/>\n                                <\/div>\n                                <div class=\"about-us__description\">\n                                    <h5>To\u017csamo\u015b\u0107<\/h5>\n<p>Astrokyon (gr. \u0391\u03c3\u03c4\u03c1\u03bf\u03ba\u03cd\u03c9\u03bd) \u2013 \u201cgwiezdny pies\u201d \u2013 w staro\u017cytnej Grecji tak nazywano Syriusza, najja\u015bniejsz\u0105 gwiazd\u0119 na niebie.<\/p>\n                                <\/div>\n                            <\/div>\n                        <\/div>\n                                    <\/div>\n            <\/div>\n        <\/div>\n    <\/div>\n<\/section>\n\n\n\n\n","protected":false},"excerpt":{"rendered":"","protected":false},"author":3,"featured_media":0,"parent":0,"menu_order":0,"comment_status":"closed","ping_status":"closed","template":"","meta":{"inline_featured_image":false},"acf":[],"_links":{"self":[{"href":"https:\/\/test.astrokyon.com\/pl\/wp-json\/wp\/v2\/pages\/5410"}],"collection":[{"href":"https:\/\/test.astrokyon.com\/pl\/wp-json\/wp\/v2\/pages"}],"about":[{"href":"https:\/\/test.astrokyon.com\/pl\/wp-json\/wp\/v2\/types\/page"}],"author":[{"embeddable":true,"href":"https:\/\/test.astrokyon.com\/pl\/wp-json\/wp\/v2\/users\/3"}],"replies":[{"embeddable":true,"href":"https:\/\/test.astrokyon.com\/pl\/wp-json\/wp\/v2\/comments?post=5410"}],"version-history":[{"count":8,"href":"https:\/\/test.astrokyon.com\/pl\/wp-json\/wp\/v2\/pages\/5410\/revisions"}],"predecessor-version":[{"id":5420,"href":"https:\/\/test.astrokyon.com\/pl\/wp-json\/wp\/v2\/pages\/5410\/revisions\/5420"}],"wp:attachment":[{"href":"https:\/\/test.astrokyon.com\/pl\/wp-json\/wp\/v2\/media?parent=5410"}],"curies":[{"name":"wp","href":"https:\/\/api.w.org\/{rel}","templated":true}]}}